{"id":24,"date":"2026-05-10T20:57:58","date_gmt":"2026-05-10T13:57:58","guid":{"rendered":"https:\/\/tiembanhsugarrush.com\/?page_id=24"},"modified":"2026-05-10T21:42:26","modified_gmt":"2026-05-10T14:42:26","slug":"trang-chu","status":"publish","type":"page","link":"https:\/\/tiembanhsugarrush.com\/?page_id=24","title":{"rendered":"Trang ch\u1ee7"},"content":{"rendered":"\n\n\n<div class=\"slider-wrapper relative\" id=\"slider-1797546502\" >\n    <div class=\"slider slider-nav-circle slider-nav-large slider-nav-light slider-style-normal\"\n        data-flickity-options='{\n            \"cellAlign\": \"center\",\n            \"imagesLoaded\": true,\n            \"lazyLoad\": 1,\n            \"freeScroll\": false,\n            \"wrapAround\": true,\n            \"autoPlay\": 6000,\n            \"pauseAutoPlayOnHover\" : true,\n            \"prevNextButtons\": true,\n            \"contain\" : true,\n            \"adaptiveHeight\" : true,\n            \"dragThreshold\" : 10,\n            \"percentPosition\": true,\n            \"pageDots\": true,\n            \"rightToLeft\": false,\n            \"draggable\": true,\n            \"selectedAttraction\": 0.1,\n            \"parallax\" : 0,\n            \"friction\": 0.6        }'\n        >\n        \n\n\t<div class=\"img has-hover x md-x lg-x y md-y lg-y\" id=\"image_106898459\">\n\t\t\t\t\t\t\t\t<div class=\"img-inner image-cover dark\" style=\"padding-top:75%;\">\n\t\t\t<img loading=\"lazy\" decoding=\"async\" width=\"1020\" height=\"1020\" src=\"https:\/\/tiembanhsugarrush.com\/wp-content\/uploads\/2026\/05\/Bai-dang-Instagram-Khuyen-mai-Sinh-nhat-Do-uong-Hien-dai-Xanh-vang-1-1024x1024.png\" class=\"attachment-large size-large\" alt=\"\" srcset=\"https:\/\/tiembanhsugarrush.com\/wp-content\/uploads\/2026\/05\/Bai-dang-Instagram-Khuyen-mai-Sinh-nhat-Do-uong-Hien-dai-Xanh-vang-1-1024x1024.png 1024w, https:\/\/tiembanhsugarrush.com\/wp-content\/uploads\/2026\/05\/Bai-dang-Instagram-Khuyen-mai-Sinh-nhat-Do-uong-Hien-dai-Xanh-vang-1-300x300.png 300w, https:\/\/tiembanhsugarrush.com\/wp-content\/uploads\/2026\/05\/Bai-dang-Instagram-Khuyen-mai-Sinh-nhat-Do-uong-Hien-dai-Xanh-vang-1-150x150.png 150w, https:\/\/tiembanhsugarrush.com\/wp-content\/uploads\/2026\/05\/Bai-dang-Instagram-Khuyen-mai-Sinh-nhat-Do-uong-Hien-dai-Xanh-vang-1-768x768.png 768w, https:\/\/tiembanhsugarrush.com\/wp-content\/uploads\/2026\/05\/Bai-dang-Instagram-Khuyen-mai-Sinh-nhat-Do-uong-Hien-dai-Xanh-vang-1-600x600.png 600w, https:\/\/tiembanhsugarrush.com\/wp-content\/uploads\/2026\/05\/Bai-dang-Instagram-Khuyen-mai-Sinh-nhat-Do-uong-Hien-dai-Xanh-vang-1-100x100.png 100w, https:\/\/tiembanhsugarrush.com\/wp-content\/uploads\/2026\/05\/Bai-dang-Instagram-Khuyen-mai-Sinh-nhat-Do-uong-Hien-dai-Xanh-vang-1.png 1080w\" sizes=\"auto, (max-width: 1020px) 100vw, 1020px\" \/>\t\t\t\t\t\t\n\t\t\t\t\t<\/div>\n\t\t\t\t\t\t\t\t\n<style scope=\"scope\">\n\n#image_106898459 {\n  width: 66%;\n}\n<\/style>\n\t<\/div>\n\t\n\n\t<div class=\"img has-hover x md-x lg-x y md-y lg-y\" id=\"image_1695445479\">\n\t\t\t\t\t\t\t\t<div class=\"img-inner image-cover dark\" style=\"padding-top:75%;\">\n\t\t\t<img loading=\"lazy\" decoding=\"async\" width=\"1020\" height=\"1020\" src=\"https:\/\/tiembanhsugarrush.com\/wp-content\/uploads\/2026\/05\/Bai-dang-Instagram-Khuyen-mai-Sinh-nhat-Do-uong-Hien-dai-Xanh-vang-1024x1024.png\" class=\"attachment-large size-large\" alt=\"\" srcset=\"https:\/\/tiembanhsugarrush.com\/wp-content\/uploads\/2026\/05\/Bai-dang-Instagram-Khuyen-mai-Sinh-nhat-Do-uong-Hien-dai-Xanh-vang-1024x1024.png 1024w, https:\/\/tiembanhsugarrush.com\/wp-content\/uploads\/2026\/05\/Bai-dang-Instagram-Khuyen-mai-Sinh-nhat-Do-uong-Hien-dai-Xanh-vang-300x300.png 300w, https:\/\/tiembanhsugarrush.com\/wp-content\/uploads\/2026\/05\/Bai-dang-Instagram-Khuyen-mai-Sinh-nhat-Do-uong-Hien-dai-Xanh-vang-150x150.png 150w, https:\/\/tiembanhsugarrush.com\/wp-content\/uploads\/2026\/05\/Bai-dang-Instagram-Khuyen-mai-Sinh-nhat-Do-uong-Hien-dai-Xanh-vang-768x768.png 768w, https:\/\/tiembanhsugarrush.com\/wp-content\/uploads\/2026\/05\/Bai-dang-Instagram-Khuyen-mai-Sinh-nhat-Do-uong-Hien-dai-Xanh-vang-600x600.png 600w, https:\/\/tiembanhsugarrush.com\/wp-content\/uploads\/2026\/05\/Bai-dang-Instagram-Khuyen-mai-Sinh-nhat-Do-uong-Hien-dai-Xanh-vang-100x100.png 100w, https:\/\/tiembanhsugarrush.com\/wp-content\/uploads\/2026\/05\/Bai-dang-Instagram-Khuyen-mai-Sinh-nhat-Do-uong-Hien-dai-Xanh-vang.png 1080w\" sizes=\"auto, (max-width: 1020px) 100vw, 1020px\" \/>\t\t\t\t\t\t\n\t\t\t\t\t<\/div>\n\t\t\t\t\t\t\t\t\n<style scope=\"scope\">\n\n#image_1695445479 {\n  width: 66%;\n}\n<\/style>\n\t<\/div>\n\t\n\n\n     <\/div>\n\n     <div class=\"loading-spin dark large centered\"><\/div>\n\n     <style scope=\"scope\">\n             <\/style>\n<\/div><!-- .ux-slider-wrapper -->\n\n\n<div class=\"container section-title-container\" ><h1 class=\"section-title section-title-center\"><b><\/b><span class=\"section-title-main\" style=\"color:rgb(0, 0, 0);\"><i class=\"icon-angle-right\" ><\/i>Th\u1ef1c \u0110\u01a1n<\/span><b><\/b><\/h1><\/div><!-- .section-title -->\n\n<div class=\"row\"  id=\"row-409771609\">\n\n<div class=\"col medium-4 small-12 large-4\"  ><div class=\"col-inner\"  >\n\n\t<div class=\"img has-hover x md-x lg-x y md-y lg-y\" id=\"image_2132659808\">\n\t\t\t\t\t\t\t\t<div class=\"img-inner dark\" >\n\t\t\t<img loading=\"lazy\" decoding=\"async\" width=\"150\" height=\"150\" src=\"https:\/\/tiembanhsugarrush.com\/wp-content\/uploads\/2026\/05\/z7800105232606_32d5d65ae8466ee82b7cf2208cd6b4df-600x723-1-150x150.jpg\" class=\"attachment-thumbnail size-thumbnail\" alt=\"\" srcset=\"https:\/\/tiembanhsugarrush.com\/wp-content\/uploads\/2026\/05\/z7800105232606_32d5d65ae8466ee82b7cf2208cd6b4df-600x723-1-150x150.jpg 150w, https:\/\/tiembanhsugarrush.com\/wp-content\/uploads\/2026\/05\/z7800105232606_32d5d65ae8466ee82b7cf2208cd6b4df-600x723-1-300x300.jpg 300w, https:\/\/tiembanhsugarrush.com\/wp-content\/uploads\/2026\/05\/z7800105232606_32d5d65ae8466ee82b7cf2208cd6b4df-600x723-1-100x100.jpg 100w\" sizes=\"auto, (max-width: 150px) 100vw, 150px\" \/>\t\t\t\t\t\t\n\t\t\t\t\t<\/div>\n\t\t\t\t\t\t\t\t\n<style scope=\"scope\">\n\n#image_2132659808 {\n  width: 100%;\n}\n<\/style>\n\t<\/div>\n\t\n\n<p style=\"text-align: center;\"><span style=\"font-size: 130%; color: #000000;\">Panacotta<\/span><\/p>\n\n<\/div><\/div>\n<div class=\"col medium-4 small-12 large-4\"  ><div class=\"col-inner\"  >\n\n\t<div class=\"img has-hover x md-x lg-x y md-y lg-y\" id=\"image_2061560246\">\n\t\t\t\t\t\t\t\t<div class=\"img-inner dark\" >\n\t\t\t<img loading=\"lazy\" decoding=\"async\" width=\"150\" height=\"150\" src=\"https:\/\/tiembanhsugarrush.com\/wp-content\/uploads\/2026\/05\/OIP-150x150.jpg\" class=\"attachment-thumbnail size-thumbnail\" alt=\"\" srcset=\"https:\/\/tiembanhsugarrush.com\/wp-content\/uploads\/2026\/05\/OIP-150x150.jpg 150w, https:\/\/tiembanhsugarrush.com\/wp-content\/uploads\/2026\/05\/OIP-300x300.jpg 300w, https:\/\/tiembanhsugarrush.com\/wp-content\/uploads\/2026\/05\/OIP-100x100.jpg 100w\" sizes=\"auto, (max-width: 150px) 100vw, 150px\" \/>\t\t\t\t\t\t\n\t\t\t\t\t<\/div>\n\t\t\t\t\t\t\t\t\n<style scope=\"scope\">\n\n#image_2061560246 {\n  width: 100%;\n}\n<\/style>\n\t<\/div>\n\t\n\n<p style=\"text-align: center;\"><span style=\"font-size: 130%; color: #000000;\">B\u00e1nh Theo Y\u00eau C\u1ea7u<\/span><\/p>\n\n<\/div><\/div>\n<div class=\"col medium-4 small-12 large-4\"  ><div class=\"col-inner\"  >\n\n\t<div class=\"img has-hover x md-x lg-x y md-y lg-y\" id=\"image_1197822508\">\n\t\t\t\t\t\t\t\t<div class=\"img-inner image-zoom image-zoom image-cover dark\" style=\"padding-top:100%;\">\n\t\t\t<img loading=\"lazy\" decoding=\"async\" width=\"300\" height=\"118\" src=\"https:\/\/tiembanhsugarrush.com\/wp-content\/uploads\/2026\/05\/banner-new-2_87_anhslide-600x236-1-300x118.jpg\" class=\"attachment-medium size-medium\" alt=\"\" srcset=\"https:\/\/tiembanhsugarrush.com\/wp-content\/uploads\/2026\/05\/banner-new-2_87_anhslide-600x236-1-300x118.jpg 300w, https:\/\/tiembanhsugarrush.com\/wp-content\/uploads\/2026\/05\/banner-new-2_87_anhslide-600x236-1.jpg 600w\" sizes=\"auto, (max-width: 300px) 100vw, 300px\" \/>\t\t\t\t\t\t\n\t\t\t\t\t<\/div>\n\t\t\t\t\t\t\t\t\n<style scope=\"scope\">\n\n#image_1197822508 {\n  width: 100%;\n}\n<\/style>\n\t<\/div>\n\t\n\n<p style=\"text-align: center;\"><span style=\"font-size: 130%; color: #000000;\">B\u00e1nh Kem.<\/span><\/p>\n\n<\/div><\/div>\n\n<\/div>\n<div class=\"row\"  id=\"row-910466433\">\n\n<div class=\"col medium-6 small-12 large-6\"  ><div class=\"col-inner\"  >\n\n<p class=\"isSelectedEnd\"><span style=\"font-size: 110%; color: #000000;\"><strong>Sugar Rush \u2013 Ti\u1ec7m b\u00e1nh dessert cao c\u1ea5p v\u1edbi panna cotta v\u00e0 b\u00e1nh theo y\u00eau c\u1ea7u t\u1ea1i TP.HCM<\/strong><\/span><br \/><span style=\"font-size: 110%; color: #000000;\"><strong>Kh\u00f4ng gian th\u01b0\u1edfng th\u1ee9c b\u00e1nh ng\u1ecdt hi\u1ec7n \u0111\u1ea1i d\u00e0nh cho nh\u1eefng t\u00edn \u0111\u1ed3 y\u00eau dessert<\/strong><\/span><\/p>\n<p class=\"isSelectedEnd\"><span style=\"font-size: 110%; color: #000000;\">Sugar Rush l\u00e0 ti\u1ec7m b\u00e1nh ng\u1ecdt t\u1ea1i TP.HCM n\u1ed5i b\u1eadt v\u1edbi c\u00e1c d\u00f2ng dessert cao c\u1ea5p, \u0111\u1eb7c bi\u1ec7t l\u00e0 panna cotta m\u1ec1m m\u1ecbn c\u00f9ng d\u1ecbch v\u1ee5 l\u00e0m b\u00e1nh theo y\u00eau c\u1ea7u d\u00e0nh cho kh\u00e1ch h\u00e0ng y\u00eau th\u00edch s\u1ef1 c\u00e1 nh\u00e2n h\u00f3a. Kh\u00f4ng ch\u1ec9 mang \u0111\u1ebfn nh\u1eefng m\u00f3n b\u00e1nh \u0111\u1eb9p m\u1eaft, Sugar Rush c\u00f2n t\u1ea1o n\u00ean tr\u1ea3i nghi\u1ec7m th\u01b0\u1edfng th\u1ee9c nh\u1eb9 nh\u00e0ng v\u00e0 th\u01b0 gi\u00e3n trong kh\u00f4ng gian hi\u1ec7n \u0111\u1ea1i, tr\u1ebb trung.<\/span><\/p>\n<p class=\"isSelectedEnd\"><span style=\"font-size: 110%; color: #000000;\">\u0110i\u1ec3m \u0111\u1eb7c tr\u01b0ng c\u1ee7a Sugar Rush n\u1eb1m \u1edf c\u00e1c d\u00f2ng panna cotta nhi\u1ec1u h\u01b0\u01a1ng v\u1ecb, b\u00e1nh mousse, tiramisu, cheesecake v\u00e0 cookies handmade \u0111\u01b0\u1ee3c ch\u0103m ch\u00fat k\u1ef9 l\u01b0\u1ee1ng t\u1eeb h\u00ecnh th\u1ee9c \u0111\u1ebfn ch\u1ea5t l\u01b0\u1ee3ng. B\u00ean c\u1ea1nh menu b\u00e1nh c\u00f3 s\u1eb5n, ti\u1ec7m c\u00f2n nh\u1eadn thi\u1ebft k\u1ebf b\u00e1nh theo y\u00eau c\u1ea7u cho sinh nh\u1eadt, k\u1ef7 ni\u1ec7m hay c\u00e1c d\u1ecbp \u0111\u1eb7c bi\u1ec7t, gi\u00fap m\u1ed7i chi\u1ebfc b\u00e1nh mang d\u1ea5u \u1ea5n ri\u00eang c\u1ee7a kh\u00e1ch h\u00e0ng.<\/span><\/p>\n<p><span style=\"font-size: 110%; color: #000000;\">V\u1edbi kh\u00f4ng gian tho\u1ea3i m\u00e1i, g\u00f3c check-in \u0111\u1eb9p m\u1eaft c\u00f9ng menu dessert \u0111a d\u1ea1ng, Sugar Rush d\u1ea7n tr\u1edf th\u00e0nh \u0111\u1ecba \u0111i\u1ec3m y\u00eau th\u00edch c\u1ee7a gi\u1edbi tr\u1ebb t\u1ea1i S\u00e0i G\u00f2n \u2014 ph\u00f9 h\u1ee3p cho nh\u1eefng bu\u1ed5i g\u1eb7p g\u1ee1 b\u1ea1n b\u00e8, h\u1eb9n h\u00f2 cu\u1ed1i tu\u1ea7n hay \u0111\u01a1n gi\u1ea3n l\u00e0 t\u1eadn h\u01b0\u1edfng m\u1ed9t ch\u00fat ng\u1ecdt ng\u00e0o gi\u1eefa nh\u1ecbp s\u1ed1ng b\u1eadn r\u1ed9n.<\/span><\/p>\n\n<\/div><\/div>\n<div class=\"col medium-6 small-12 large-6\"  ><div class=\"col-inner\"  >\n\n\t<div class=\"img has-hover x md-x lg-x y md-y lg-y\" id=\"image_1759881898\">\n\t\t\t\t\t\t\t\t<div class=\"img-inner dark\" >\n\t\t\t<img loading=\"lazy\" decoding=\"async\" width=\"600\" height=\"512\" src=\"https:\/\/tiembanhsugarrush.com\/wp-content\/uploads\/2026\/05\/f7c90bde-7e07-41a4-ac77-abbca93c4234-600x512-1.png\" class=\"attachment-large size-large\" alt=\"\" srcset=\"https:\/\/tiembanhsugarrush.com\/wp-content\/uploads\/2026\/05\/f7c90bde-7e07-41a4-ac77-abbca93c4234-600x512-1.png 600w, https:\/\/tiembanhsugarrush.com\/wp-content\/uploads\/2026\/05\/f7c90bde-7e07-41a4-ac77-abbca93c4234-600x512-1-300x256.png 300w\" sizes=\"auto, (max-width: 600px) 100vw, 600px\" \/>\t\t\t\t\t\t\n\t\t\t\t\t<\/div>\n\t\t\t\t\t\t\t\t\n<style scope=\"scope\">\n\n#image_1759881898 {\n  width: 100%;\n}\n<\/style>\n\t<\/div>\n\t\n\n\n<\/div><\/div>\n\n<\/div>\n<div class=\"woocommerce columns-4 \"><\/div>\n\n\n","protected":false},"excerpt":{"rendered":"","protected":false},"author":1,"featured_media":0,"parent":0,"menu_order":0,"comment_status":"closed","ping_status":"closed","template":"","meta":{"footnotes":""},"class_list":["post-24","page","type-page","status-publish","hentry"],"jetpack_sharing_enabled":true,"_links":{"self":[{"href":"https:\/\/tiembanhsugarrush.com\/index.php?rest_route=\/wp\/v2\/pages\/24","targetHints":{"allow":["GET"]}}],"collection":[{"href":"https:\/\/tiembanhsugarrush.com\/index.php?rest_route=\/wp\/v2\/pages"}],"about":[{"href":"https:\/\/tiembanhsugarrush.com\/index.php?rest_route=\/wp\/v2\/types\/page"}],"author":[{"embeddable":true,"href":"https:\/\/tiembanhsugarrush.com\/index.php?rest_route=\/wp\/v2\/users\/1"}],"replies":[{"embeddable":true,"href":"https:\/\/tiembanhsugarrush.com\/index.php?rest_route=%2Fwp%2Fv2%2Fcomments&post=24"}],"version-history":[{"count":5,"href":"https:\/\/tiembanhsugarrush.com\/index.php?rest_route=\/wp\/v2\/pages\/24\/revisions"}],"predecessor-version":[{"id":64,"href":"https:\/\/tiembanhsugarrush.com\/index.php?rest_route=\/wp\/v2\/pages\/24\/revisions\/64"}],"wp:attachment":[{"href":"https:\/\/tiembanhsugarrush.com\/index.php?rest_route=%2Fwp%2Fv2%2Fmedia&parent=24"}],"curies":[{"name":"wp","href":"https:\/\/api.w.org\/{rel}","templated":true}]}}